{"id":5168,"date":"2025-02-17T22:43:55","date_gmt":"2025-02-18T01:43:55","guid":{"rendered":"https:\/\/audiodream.com.br\/?post_type=product&#038;p=5168"},"modified":"2025-03-01T14:20:52","modified_gmt":"2025-03-01T17:20:52","slug":"ethereal","status":"publish","type":"product","link":"https:\/\/audiodream.com.br\/en\/product\/ethereal\/","title":{"rendered":"Ethereal"},"content":{"rendered":"<p><strong>Equil\u00edbrio Entre An\u00e1lise e Relaxamento<\/strong><br \/>\nO\u00a0<strong>Ethereal<\/strong>\u00a0\u00e9 para quem busca detalhes sem fadiga auditiva, unindo precis\u00e3o e musicalidade.<\/p>\n<p><strong>Tecnologia<\/strong><\/p>\n<ul>\n<li>\n<p><strong>6 Drivers H\u00edbridos<\/strong>: 2 din\u00e2micos, 2 armaduras, 2 EST.<\/p>\n<\/li>\n<li>\n<p><strong>Assinatura Suave<\/strong>: Agudos delicados e graves presentes.<\/p>\n<\/li>\n<li>\n<p><strong>Ergonomia Premium<\/strong>: Conforto para maratonas musicais.<\/p>\n<\/li>\n<\/ul>\n<p><strong>Perfil do Usu\u00e1rio<\/strong><\/p>\n<ul>\n<li>\n<p><strong>Ouvintes de m\u00fasica ambiente<\/strong>: Relaxamento com profundidade.<\/p>\n<\/li>\n<li>\n<p><strong>Produtores de jazz suave<\/strong>: Equil\u00edbrio entre t\u00e9cnica e emo\u00e7\u00e3o.<\/p>\n<\/li>\n<li>\n<p><strong>Quem trabalha com m\u00fasica<\/strong>: Conforto prolongado em home offices.<\/p>\n<\/li>\n<\/ul>\n<p><strong>Destaque<\/strong><br \/>\nUm fone que\u00a0<strong>respeita seus ouvidos<\/strong>, permitindo horas de uso sem cansa\u00e7o.<\/p>","protected":false},"excerpt":{"rendered":"<p>O Surgere \u00e9 ideal para aqueles que desejam experimentar um som de alta qualidade e sem compromisso.<\/p>","protected":false},"featured_media":4772,"comment_status":"closed","ping_status":"closed","template":"","meta":{"_acf_changed":false,"_seopress_robots_primary_cat":"none","_seopress_titles_title":"%%tagline%% %%sep%%","_seopress_titles_desc":"","_seopress_robots_index":"","jetpack_publicize_message":"","jetpack_publicize_feature_enabled":true,"jetpack_social_post_already_shared":false,"jetpack_social_options":{"image_generator_settings":{"template":"highway","default_image_id":0,"font":"","enabled":false},"version":2}},"product_brand":[],"product_cat":[66],"product_tag":[],"class_list":{"0":"post-5168","1":"product","2":"type-product","3":"status-publish","4":"has-post-thumbnail","6":"product_cat-fones-universal","7":"pa_tipo-custom","8":"pa_tipo-universal","10":"first","11":"onbackorder","12":"shipping-taxable","13":"purchasable","14":"product-type-simple"},"acf":[],"jetpack_publicize_connections":[],"jetpack_sharing_enabled":true,"_links":{"self":[{"href":"https:\/\/audiodream.com.br\/en\/wp-json\/wp\/v2\/product\/5168","targetHints":{"allow":["GET"]}}],"collection":[{"href":"https:\/\/audiodream.com.br\/en\/wp-json\/wp\/v2\/product"}],"about":[{"href":"https:\/\/audiodream.com.br\/en\/wp-json\/wp\/v2\/types\/product"}],"replies":[{"embeddable":true,"href":"https:\/\/audiodream.com.br\/en\/wp-json\/wp\/v2\/comments?post=5168"}],"wp:featuredmedia":[{"embeddable":true,"href":"https:\/\/audiodream.com.br\/en\/wp-json\/wp\/v2\/media\/4772"}],"wp:attachment":[{"href":"https:\/\/audiodream.com.br\/en\/wp-json\/wp\/v2\/media?parent=5168"}],"wp:term":[{"taxonomy":"product_brand","embeddable":true,"href":"https:\/\/audiodream.com.br\/en\/wp-json\/wp\/v2\/product_brand?post=5168"},{"taxonomy":"product_cat","embeddable":true,"href":"https:\/\/audiodream.com.br\/en\/wp-json\/wp\/v2\/product_cat?post=5168"},{"taxonomy":"product_tag","embeddable":true,"href":"https:\/\/audiodream.com.br\/en\/wp-json\/wp\/v2\/product_tag?post=5168"}],"curies":[{"name":"wp","href":"https:\/\/api.w.org\/{rel}","templated":true}]}}