{"id":4763,"date":"2023-10-20T18:13:06","date_gmt":"2023-10-20T18:13:06","guid":{"rendered":"https:\/\/audiodream.com.br\/?post_type=product&#038;p=4763"},"modified":"2026-03-22T18:18:02","modified_gmt":"2026-03-22T21:18:02","slug":"ad8-pro-audio-dream-masterizacao-hiend","status":"publish","type":"product","link":"https:\/\/audiodream.com.br\/en\/product\/ad8-pro-audio-dream-masterizacao-hiend\/","title":{"rendered":"AD8 Pro Audio Dream \u2013 Monitor Hi-End para Masteriza\u00e7\u00e3o"},"content":{"rendered":"<p class=\"my-2 [&amp;+p]:mt-4 [&amp;_strong:has(+br)]:inline-block [&amp;_strong:has(+br)]:pb-2\">AD8 Pro Audio Dream \u2013 Masteriza\u00e7\u00e3o Hi-End em Seus Ouvidos<span class=\"inline-flex\" aria-label=\"AD 8Pro Audio Dream - Fones personalizados e moldados com a ...\" data-state=\"closed\">\u200b<\/span><\/p>\n<hr class=\"bg-quiet h-px border-0\" \/>\n<p class=\"my-2 [&amp;+p]:mt-4 [&amp;_strong:has(+br)]:inline-block [&amp;_strong:has(+br)]:pb-2\">O\u00a0<strong>AD8 Pro Audio Dream<\/strong>\u00a0\u00e9 o monitor in-ear port\u00e1til que replica a precis\u00e3o de sistemas de masteriza\u00e7\u00e3o caros, inspirado na assinatura detalhista e complexa do cl\u00e1ssico AD8. Com novos drivers duplos RAU e transientes ultra-definidos, ele oferece texturas precisas e densidade emocional para engenheiros, audi\u00f3filos e f\u00e3s de m\u00fasica cl\u00e1ssica.<\/p>\n<hr class=\"bg-quiet h-px border-0\" \/>\n<h2 id=\"inovaes-tcnicas\" class=\"font-editorial font-bold mb-2 mt-4 [.has-inline-images_&amp;]:clear-end text-lg first:mt-0 md:text-lg [hr+&amp;]:mt-4\">Inova\u00e7\u00f5es t\u00e9cnicas<\/h2>\n<ul class=\"marker:text-quiet list-disc\">\n<li class=\"py-0 my-0 prose-p:pt-0 prose-p:mb-2 prose-p:my-0 [&amp;&gt;p]:pt-0 [&amp;&gt;p]:mb-2 [&amp;&gt;p]:my-0\">\n<p class=\"my-2 [&amp;+p]:mt-4 [&amp;_strong:has(+br)]:inline-block [&amp;_strong:has(+br)]:pb-2\">10 drivers por lado: incluindo super tweeter duplo RAU da Knowles para agudos estendidos e resolu\u00e7\u00e3o microsc\u00f3pica.<span class=\"inline-flex\" aria-label=\"AD 8Pro Audio Dream - Fones personalizados e moldados com a ...\" data-state=\"closed\">\u200b<\/span><\/p>\n<\/li>\n<li class=\"py-0 my-0 prose-p:pt-0 prose-p:mb-2 prose-p:my-0 [&amp;&gt;p]:pt-0 [&amp;&gt;p]:mb-2 [&amp;&gt;p]:my-0\">\n<p class=\"my-2 [&amp;+p]:mt-4 [&amp;_strong:has(+br)]:inline-block [&amp;_strong:has(+br)]:pb-2\">Transformador interno: alimenta drivers EST sem necessidade de amplificadores externos, garantindo mobilidade total e efici\u00eancia energ\u00e9tica.<span class=\"inline-flex\" aria-label=\"AD 8Pro Audio Dream - Fones personalizados e moldados com a ...\" data-state=\"closed\">\u200b<\/span><\/p>\n<\/li>\n<li class=\"py-0 my-0 prose-p:pt-0 prose-p:mb-2 prose-p:my-0 [&amp;&gt;p]:pt-0 [&amp;&gt;p]:mb-2 [&amp;&gt;p]:my-0\">\n<p class=\"my-2 [&amp;+p]:mt-4 [&amp;_strong:has(+br)]:inline-block [&amp;_strong:has(+br)]:pb-2\">Resposta Hi-End: linearidade neutra com densidade emocional, palco hologr\u00e1fico e graves estratificados para an\u00e1lise milim\u00e9trica.<\/p>\n<\/li>\n<li class=\"py-0 my-0 prose-p:pt-0 prose-p:mb-2 prose-p:my-0 [&amp;&gt;p]:pt-0 [&amp;&gt;p]:mb-2 [&amp;&gt;p]:my-0\">\n<p class=\"my-2 [&amp;+p]:mt-4 [&amp;_strong:has(+br)]:inline-block [&amp;_strong:has(+br)]:pb-2\">Constru\u00e7\u00e3o premium: shell moldada em resina acr\u00edlica, nozzles met\u00e1licos e isolamento superior para est\u00fadios e uso m\u00f3vel.<\/p>\n<\/li>\n<\/ul>\n<hr class=\"bg-quiet h-px border-0\" \/>\n<h2 id=\"para-quem-o-ad8-pro--indicado\" class=\"font-editorial font-bold mb-2 mt-4 [.has-inline-images_&amp;]:clear-end text-lg first:mt-0 md:text-lg [hr+&amp;]:mt-4\">Para quem o AD8 Pro \u00e9 indicado<\/h2>\n<ul class=\"marker:text-quiet list-disc\">\n<li class=\"py-0 my-0 prose-p:pt-0 prose-p:mb-2 prose-p:my-0 [&amp;&gt;p]:pt-0 [&amp;&gt;p]:mb-2 [&amp;&gt;p]:my-0\">\n<p class=\"my-2 [&amp;+p]:mt-4 [&amp;_strong:has(+br)]:inline-block [&amp;_strong:has(+br)]:pb-2\">Engenheiros de masteriza\u00e7\u00e3o: precis\u00e3o milim\u00e9trica em qualquer lugar, revelando imperfei\u00e7\u00f5es e balan\u00e7os com fidelidade de est\u00fadio.<\/p>\n<\/li>\n<li class=\"py-0 my-0 prose-p:pt-0 prose-p:mb-2 prose-p:my-0 [&amp;&gt;p]:pt-0 [&amp;&gt;p]:mb-2 [&amp;&gt;p]:my-0\">\n<p class=\"my-2 [&amp;+p]:mt-4 [&amp;_strong:has(+br)]:inline-block [&amp;_strong:has(+br)]:pb-2\">Audi\u00f3filos exigentes: detalhes microsc\u00f3picos e texturas que outros in-ears ignoram, ideal para hi-res e grava\u00e7\u00f5es de refer\u00eancia.<\/p>\n<\/li>\n<li class=\"py-0 my-0 prose-p:pt-0 prose-p:mb-2 prose-p:my-0 [&amp;&gt;p]:pt-0 [&amp;&gt;p]:mb-2 [&amp;&gt;p]:my-0\">\n<p class=\"my-2 [&amp;+p]:mt-4 [&amp;_strong:has(+br)]:inline-block [&amp;_strong:has(+br)]:pb-2\">F\u00e3s de m\u00fasica cl\u00e1ssica: orquestras e sinf\u00f4nicas ganham profundidade, ambi\u00eancia e harm\u00f4nicos com palco amplo e realista.<span class=\"inline-flex\" aria-label=\"AD 8Pro Audio Dream - Fones personalizados e moldados com a ...\" data-state=\"closed\">\u200b<\/span><\/p>\n<\/li>\n<\/ul>\n<hr class=\"bg-quiet h-px border-0\" \/>\n<h2 id=\"experincia-de-uso-e-assinatura-sonora\" class=\"font-editorial font-bold mb-2 mt-4 [.has-inline-images_&amp;]:clear-end text-lg first:mt-0 md:text-lg [hr+&amp;]:mt-4\">Experi\u00eancia de uso e assinatura sonora<\/h2>\n<p class=\"my-2 [&amp;+p]:mt-4 [&amp;_strong:has(+br)]:inline-block [&amp;_strong:has(+br)]:pb-2\">O AD8 Pro transforma seus ouvidos em uma\u00a0<strong>extens\u00e3o do c\u00e9rebro auditivo<\/strong>, com palco hologr\u00e1fico que posiciona cada instrumento em 3D.<span class=\"inline-flex\" aria-label=\"AD 8Pro Audio Dream - Fones personalizados e moldados com a ...\" data-state=\"closed\">\u200b<\/span><\/p>\n<ul class=\"marker:text-quiet list-disc\">\n<li class=\"py-0 my-0 prose-p:pt-0 prose-p:mb-2 prose-p:my-0 [&amp;&gt;p]:pt-0 [&amp;&gt;p]:mb-2 [&amp;&gt;p]:my-0\">\n<p class=\"my-2 [&amp;+p]:mt-4 [&amp;_strong:has(+br)]:inline-block [&amp;_strong:has(+br)]:pb-2\">Graves estratificados: camadas profundas e controladas, com texturas definidas para masteriza\u00e7\u00e3o sem mascaramento.<\/p>\n<\/li>\n<li class=\"py-0 my-0 prose-p:pt-0 prose-p:mb-2 prose-p:my-0 [&amp;&gt;p]:pt-0 [&amp;&gt;p]:mb-2 [&amp;&gt;p]:my-0\">\n<p class=\"my-2 [&amp;+p]:mt-4 [&amp;_strong:has(+br)]:inline-block [&amp;_strong:has(+br)]:pb-2\">M\u00e9dios complexos: transpar\u00eancia e densidade emocional, preservando nuances vocais e instrumentais como em monitores hi-end.<span class=\"inline-flex\" aria-label=\"AD 8Pro Audio Dream - Fones personalizados e moldados com a ...\" data-state=\"closed\">\u200b<\/span><\/p>\n<\/li>\n<li class=\"py-0 my-0 prose-p:pt-0 prose-p:mb-2 prose-p:my-0 [&amp;&gt;p]:pt-0 [&amp;&gt;p]:mb-2 [&amp;&gt;p]:my-0\">\n<p class=\"my-2 [&amp;+p]:mt-4 [&amp;_strong:has(+br)]:inline-block [&amp;_strong:has(+br)]:pb-2\">Agudos RAU duplos: super tweeter Knowles entrega transientes precisos, air e extens\u00e3o ultrass\u00f4nica sem sibil\u00e2ncia ou fadiga.<span class=\"inline-flex\" aria-label=\"AD 8Pro Audio Dream - Fones personalizados e moldados com a ...\" data-state=\"closed\">\u200b<\/span><\/p>\n<\/li>\n<\/ul>\n<hr class=\"bg-quiet h-px border-0\" \/>\n<h2 id=\"vantagens-exclusivas\" class=\"font-editorial font-bold mb-2 mt-4 [.has-inline-images_&amp;]:clear-end text-lg first:mt-0 md:text-lg [hr+&amp;]:mt-4\">Vantagens exclusivas<\/h2>\n<ul class=\"marker:text-quiet list-disc\">\n<li class=\"py-0 my-0 prose-p:pt-0 prose-p:mb-2 prose-p:my-0 [&amp;&gt;p]:pt-0 [&amp;&gt;p]:mb-2 [&amp;&gt;p]:my-0\">\n<p class=\"my-2 [&amp;+p]:mt-4 [&amp;_strong:has(+br)]:inline-block [&amp;_strong:has(+br)]:pb-2\">Palco hologr\u00e1fico: imagem 3D e separa\u00e7\u00e3o que simulam speakers de masteriza\u00e7\u00e3o, perfeito para an\u00e1lise cr\u00edtica em mobilidade.<span class=\"inline-flex\" aria-label=\"AD 8Pro Audio Dream - Fones personalizados e moldados com a ...\" data-state=\"closed\">\u200b<\/span><\/p>\n<\/li>\n<li class=\"py-0 my-0 prose-p:pt-0 prose-p:mb-2 prose-p:my-0 [&amp;&gt;p]:pt-0 [&amp;&gt;p]:mb-2 [&amp;&gt;p]:my-0\">\n<p class=\"my-2 [&amp;+p]:mt-4 [&amp;_strong:has(+br)]:inline-block [&amp;_strong:has(+br)]:pb-2\">Transientes texturizados: ataques e decays ultra-definidos gra\u00e7as aos duplos RAU, expondo cada nuance da grava\u00e7\u00e3o.<\/p>\n<\/li>\n<li class=\"py-0 my-0 prose-p:pt-0 prose-p:mb-2 prose-p:my-0 [&amp;&gt;p]:pt-0 [&amp;&gt;p]:mb-2 [&amp;&gt;p]:my-0\">\n<p class=\"my-2 [&amp;+p]:mt-4 [&amp;_strong:has(+br)]:inline-block [&amp;_strong:has(+br)]:pb-2\">Versatilidade hi-end: linear com toque emocional, sem sacrificar fidelidade para g\u00eaneros complexos como cl\u00e1ssica e jazz.<\/p>\n<\/li>\n<\/ul>\n<hr class=\"bg-quiet h-px border-0\" \/>\n<h2 id=\"comparao-com-ad8-clssico\" class=\"font-editorial font-bold mb-2 mt-4 [.has-inline-images_&amp;]:clear-end text-lg first:mt-0 md:text-lg [hr+&amp;]:mt-4\">Compara\u00e7\u00e3o com AD8 cl\u00e1ssico<\/h2>\n<div class=\"group relative my-[1em]\">\n<div class=\"sticky top-0 z-10 h-0\" aria-hidden=\"true\">\n<div class=\"w-full overflow-hidden bg-raised border-x md:max-w-[90vw] border-subtlest ring-subtlest divide-subtlest\">\u00a0<\/div>\n<\/div>\n<div class=\"w-full overflow-auto scrollbar-subtle rounded-lg border md:max-w-[90vw] border-subtlest ring-subtlest divide-subtlest bg-raised\">\n<table class=\"[&amp;_tr:last-child_td]:border-b-0 my-0 w-full table-auto border-separate border-spacing-0 text-sm font-sans rounded-lg [&amp;_tr:last-child_td:first-child]:rounded-bl-lg [&amp;_tr:last-child_td:last-child]:rounded-br-lg\">\n<thead class=\"\">\n<tr>\n<th class=\"border-subtlest p-sm min-w-[48px] break-normal border-b text-left align-bottom border-r last:border-r-0 font-bold bg-subtle first:border-radius-tl-lg last:border-radius-tr-lg\">Aspecto<\/th>\n<th class=\"border-subtlest p-sm min-w-[48px] break-normal border-b text-left align-bottom border-r last:border-r-0 font-bold bg-subtle first:border-radius-tl-lg last:border-radius-tr-lg\">AD8<\/th>\n<th class=\"border-subtlest p-sm min-w-[48px] break-normal border-b text-left align-bottom border-r last:border-r-0 font-bold bg-subtle first:border-radius-tl-lg last:border-radius-tr-lg\">AD8 Pro<\/th>\n<\/tr>\n<\/thead>\n<tbody>\n<tr>\n<td class=\"border-subtlest px-sm min-w-[48px] break-normal border-b border-r last:border-r-0\">Drivers<\/td>\n<td class=\"border-subtlest px-sm min-w-[48px] break-normal border-b border-r last:border-r-0\">8 (h\u00edbrido)<\/td>\n<td class=\"border-subtlest px-sm min-w-[48px] break-normal border-b border-r last:border-r-0\">10 (com duplo RAU)<\/td>\n<\/tr>\n<tr>\n<td class=\"border-subtlest px-sm min-w-[48px] break-normal border-b border-r last:border-r-0\">Foco<\/td>\n<td class=\"border-subtlest px-sm min-w-[48px] break-normal border-b border-r last:border-r-0\">Neutralidade plana<\/td>\n<td class=\"border-subtlest px-sm min-w-[48px] break-normal border-b border-r last:border-r-0\">Masteriza\u00e7\u00e3o hi-end m\u00f3vel<\/td>\n<\/tr>\n<tr>\n<td class=\"border-subtlest px-sm min-w-[48px] break-normal border-b border-r last:border-r-0\">Destaque<\/td>\n<td class=\"border-subtlest px-sm min-w-[48px] break-normal border-b border-r last:border-r-0\">Detalhamento implac\u00e1vel<\/td>\n<td class=\"border-subtlest px-sm min-w-[48px] break-normal border-b border-r last:border-r-0\">Palco hologr\u00e1fico + transientes<\/td>\n<\/tr>\n<\/tbody>\n<\/table>\n<\/div>\n<\/div>\n","protected":false},"excerpt":{"rendered":"<p>Eleve sua audi\u00e7\u00e3o com AD8 Pro: super tweeter RAU duplo, graves estratificados e detalhes microsc\u00f3picos. Sucessor hi-end do AD8 para cl\u00e1ssica e hi-res.<\/p>","protected":false},"featured_media":4536,"comment_status":"closed","ping_status":"closed","template":"","meta":{"_acf_changed":false,"_seopress_robots_primary_cat":"none","_seopress_titles_title":"%%post_title%% %%sitetitle%% %%sep%% %%tagline%%","_seopress_titles_desc":"Eleve sua audi\u00e7\u00e3o com AD8 Pro: super tweeter RAU duplo, graves estratificados e detalhes microsc\u00f3picos. Sucessor hi-end do AD8 para cl\u00e1ssica e hi-res.","_seopress_robots_index":"","jetpack_publicize_message":"","jetpack_publicize_feature_enabled":true,"jetpack_social_post_already_shared":false,"jetpack_social_options":{"image_generator_settings":{"template":"highway","default_image_id":0,"font":"","enabled":false},"version":2}},"product_brand":[],"product_cat":[47],"product_tag":[],"class_list":{"0":"post-4763","1":"product","2":"type-product","3":"status-publish","4":"has-post-thumbnail","6":"product_cat-fones","7":"pa_tipo-custom","8":"pa_tipo-universal","10":"first","11":"onbackorder","12":"shipping-taxable","13":"purchasable","14":"product-type-simple"},"acf":[],"jetpack_publicize_connections":[],"jetpack_sharing_enabled":true,"_links":{"self":[{"href":"https:\/\/audiodream.com.br\/en\/wp-json\/wp\/v2\/product\/4763","targetHints":{"allow":["GET"]}}],"collection":[{"href":"https:\/\/audiodream.com.br\/en\/wp-json\/wp\/v2\/product"}],"about":[{"href":"https:\/\/audiodream.com.br\/en\/wp-json\/wp\/v2\/types\/product"}],"replies":[{"embeddable":true,"href":"https:\/\/audiodream.com.br\/en\/wp-json\/wp\/v2\/comments?post=4763"}],"wp:featuredmedia":[{"embeddable":true,"href":"https:\/\/audiodream.com.br\/en\/wp-json\/wp\/v2\/media\/4536"}],"wp:attachment":[{"href":"https:\/\/audiodream.com.br\/en\/wp-json\/wp\/v2\/media?parent=4763"}],"wp:term":[{"taxonomy":"product_brand","embeddable":true,"href":"https:\/\/audiodream.com.br\/en\/wp-json\/wp\/v2\/product_brand?post=4763"},{"taxonomy":"product_cat","embeddable":true,"href":"https:\/\/audiodream.com.br\/en\/wp-json\/wp\/v2\/product_cat?post=4763"},{"taxonomy":"product_tag","embeddable":true,"href":"https:\/\/audiodream.com.br\/en\/wp-json\/wp\/v2\/product_tag?post=4763"}],"curies":[{"name":"wp","href":"https:\/\/api.w.org\/{rel}","templated":true}]}}