{"id":4725,"date":"2023-10-02T17:21:38","date_gmt":"2023-10-02T17:21:38","guid":{"rendered":"https:\/\/audiodream.com.br\/?post_type=product&#038;p=4725"},"modified":"2025-02-28T15:46:49","modified_gmt":"2025-02-28T18:46:49","slug":"case-tour","status":"publish","type":"product","link":"https:\/\/audiodream.com.br\/en\/product\/case-tour\/","title":{"rendered":"Case Tour"},"content":{"rendered":"<p>O Case Tour \u00e9 o nosso modelo padr\u00e3o para todos os fones de ouvido AD, exceto Diaboli, Somnium EST, Aether e Aether Nexus, que possuem cases exclusivos. Com um design italiano, o case combina seguran\u00e7a, praticidade e prote\u00e7\u00e3o para os seus fones de ouvido, evitando danos no dia a dia durante viagens. Ele possui certifica\u00e7\u00e3o IP67 e ATA300, garantindo a seguran\u00e7a dos seus fones contra poeira, \u00e1gua e quedas.<\/p>\n<p>&nbsp;<\/p>\n<p>DIMENS\u00d5ES EXTERNAS: 175 x 115 x 47 mm<\/p>\n<p>&nbsp;<\/p>\n<p>PESO SEM ESPUMA: 0,250 Kg<\/p>\n<p>&nbsp;<\/p>\n<p>TEMPERATURA DE USO: -30 \/ 90 \u00b0 C (-22 \/ 194 \u00b0 F)<\/p>\n<p>&nbsp;<\/p>\n<p>CARACTER\u00cdSTICAS: IP67, ATA300<\/p>","protected":false},"excerpt":{"rendered":"<p>O Case Tour \u00e9 o nosso modelo padr\u00e3o para todos os fones de ouvido AD, exceto Diaboli, Somnium EST, Aether e Aether Nexus<\/p>","protected":false},"featured_media":4746,"comment_status":"closed","ping_status":"closed","template":"","meta":{"_acf_changed":false,"_seopress_robots_primary_cat":"none","_seopress_titles_title":"%%post_title%% %%sitetitle%% %%sep%% %%tagline%%","_seopress_titles_desc":"","_seopress_robots_index":"","jetpack_publicize_message":"","jetpack_publicize_feature_enabled":true,"jetpack_social_post_already_shared":false,"jetpack_social_options":{"image_generator_settings":{"template":"highway","default_image_id":0,"font":"","enabled":false},"version":2}},"product_brand":[],"product_cat":[48],"product_tag":[],"class_list":{"0":"post-4725","1":"product","2":"type-product","3":"status-publish","4":"has-post-thumbnail","6":"product_cat-acessorios","8":"first","9":"onbackorder","10":"shipping-taxable","11":"purchasable","12":"product-type-simple"},"acf":[],"jetpack_publicize_connections":[],"jetpack_sharing_enabled":true,"_links":{"self":[{"href":"https:\/\/audiodream.com.br\/en\/wp-json\/wp\/v2\/product\/4725","targetHints":{"allow":["GET"]}}],"collection":[{"href":"https:\/\/audiodream.com.br\/en\/wp-json\/wp\/v2\/product"}],"about":[{"href":"https:\/\/audiodream.com.br\/en\/wp-json\/wp\/v2\/types\/product"}],"replies":[{"embeddable":true,"href":"https:\/\/audiodream.com.br\/en\/wp-json\/wp\/v2\/comments?post=4725"}],"wp:featuredmedia":[{"embeddable":true,"href":"https:\/\/audiodream.com.br\/en\/wp-json\/wp\/v2\/media\/4746"}],"wp:attachment":[{"href":"https:\/\/audiodream.com.br\/en\/wp-json\/wp\/v2\/media?parent=4725"}],"wp:term":[{"taxonomy":"product_brand","embeddable":true,"href":"https:\/\/audiodream.com.br\/en\/wp-json\/wp\/v2\/product_brand?post=4725"},{"taxonomy":"product_cat","embeddable":true,"href":"https:\/\/audiodream.com.br\/en\/wp-json\/wp\/v2\/product_cat?post=4725"},{"taxonomy":"product_tag","embeddable":true,"href":"https:\/\/audiodream.com.br\/en\/wp-json\/wp\/v2\/product_tag?post=4725"}],"curies":[{"name":"wp","href":"https:\/\/api.w.org\/{rel}","templated":true}]}}