{"id":4724,"date":"2023-10-02T17:21:13","date_gmt":"2023-10-02T17:21:13","guid":{"rendered":"https:\/\/audiodream.com.br\/?post_type=product&#038;p=4724"},"modified":"2025-02-28T15:55:33","modified_gmt":"2025-02-28T18:55:33","slug":"case-omnia","status":"publish","type":"product","link":"https:\/\/audiodream.com.br\/en\/product\/case-omnia\/","title":{"rendered":"Case Omnia"},"content":{"rendered":"<p>O Case Omnia \u00e9 um case multifuncional que vai al\u00e9m de acompanhar o Case Tour no seu espa\u00e7o espec\u00edfico. Ele tamb\u00e9m possui diversos compartimentos que podem acomodar bodypacks, c\u00e1psulas, baterias e outros acess\u00f3rios. Com certifica\u00e7\u00e3o IP67, ATA300 e NATO, o Case Omnia garante prote\u00e7\u00e3o m\u00e1xima para os seus equipamentos, mantendo-os seguros contra poeira, \u00e1gua e impactos durante o transporte. Al\u00e9m disso, seu design italiano combina estilo e praticidade, oferecendo uma solu\u00e7\u00e3o completa para suas necessidades de armazenamento e prote\u00e7\u00e3o.<\/p>\n<p>&nbsp;<\/p>\n<p>DIMENS\u00d5ES EXTERNAS: 336 x 300 x 148 mm<\/p>\n<p>PESO: 2.200 Kg<\/p>\n<p>&nbsp;<\/p>\n<p>CARACTER\u00cdSTICAS: IP67, DEF STAN 81-41, STANAG 4280, ATA300<\/p>","protected":false},"excerpt":{"rendered":"<p>O Case Omnia \u00e9 um case multifuncional que vai al\u00e9m de acompanhar o Case Tour no seu espa\u00e7o espec\u00edfico. Ele tamb\u00e9m possui diversos compartimentos que podem acomodar bodypacks, c\u00e1psulas, baterias e outros acess\u00f3rios.<\/p>","protected":false},"featured_media":4741,"comment_status":"closed","ping_status":"closed","template":"","meta":{"_acf_changed":false,"_seopress_robots_primary_cat":"none","_seopress_titles_title":"%%post_title%% %%sitetitle%% %%sep%% %%tagline%%","_seopress_titles_desc":"","_seopress_robots_index":"","jetpack_publicize_message":"","jetpack_publicize_feature_enabled":true,"jetpack_social_post_already_shared":false,"jetpack_social_options":{"image_generator_settings":{"template":"highway","default_image_id":0,"font":"","enabled":false},"version":2}},"product_brand":[],"product_cat":[48],"product_tag":[],"class_list":{"0":"post-4724","1":"product","2":"type-product","3":"status-publish","4":"has-post-thumbnail","6":"product_cat-acessorios","8":"first","9":"onbackorder","10":"shipping-taxable","11":"purchasable","12":"product-type-simple"},"acf":[],"jetpack_publicize_connections":[],"jetpack_sharing_enabled":true,"_links":{"self":[{"href":"https:\/\/audiodream.com.br\/en\/wp-json\/wp\/v2\/product\/4724","targetHints":{"allow":["GET"]}}],"collection":[{"href":"https:\/\/audiodream.com.br\/en\/wp-json\/wp\/v2\/product"}],"about":[{"href":"https:\/\/audiodream.com.br\/en\/wp-json\/wp\/v2\/types\/product"}],"replies":[{"embeddable":true,"href":"https:\/\/audiodream.com.br\/en\/wp-json\/wp\/v2\/comments?post=4724"}],"wp:featuredmedia":[{"embeddable":true,"href":"https:\/\/audiodream.com.br\/en\/wp-json\/wp\/v2\/media\/4741"}],"wp:attachment":[{"href":"https:\/\/audiodream.com.br\/en\/wp-json\/wp\/v2\/media?parent=4724"}],"wp:term":[{"taxonomy":"product_brand","embeddable":true,"href":"https:\/\/audiodream.com.br\/en\/wp-json\/wp\/v2\/product_brand?post=4724"},{"taxonomy":"product_cat","embeddable":true,"href":"https:\/\/audiodream.com.br\/en\/wp-json\/wp\/v2\/product_cat?post=4724"},{"taxonomy":"product_tag","embeddable":true,"href":"https:\/\/audiodream.com.br\/en\/wp-json\/wp\/v2\/product_tag?post=4724"}],"curies":[{"name":"wp","href":"https:\/\/api.w.org\/{rel}","templated":true}]}}