{"id":4658,"date":"2023-08-31T13:52:52","date_gmt":"2023-08-31T13:52:52","guid":{"rendered":"http:\/\/localhost\/audio-dream\/?post_type=product&#038;p=4658"},"modified":"2025-02-28T15:57:02","modified_gmt":"2025-02-28T18:57:02","slug":"case-somnium","status":"publish","type":"product","link":"https:\/\/audiodream.com.br\/en\/product\/case-somnium\/","title":{"rendered":"Case Somnium"},"content":{"rendered":"<p>O case de couro Audio Dream foi cuidadosamente projetado para combinar eleg\u00e2ncia e rusticidade. Sua parte interna \u00e9 especialmente concebida para acomodar de forma perfeita o fone de ouvido e alguns acess\u00f3rios adicionais. Este case foi criado para atender aqueles que buscam algo realmente diferenciado e repleto de personalidade. Ao contr\u00e1rio do case AD, que foi desenvolvido para resistir aos acidentes do dia a dia durante suas viagens da turn\u00ea, o case de couro Audio Dream destaca-se por seu estilo \u00fanico e sofisticado.<\/p>","protected":false},"excerpt":{"rendered":"<p>O case de couro Audio Dream foi cuidadosamente projetado para combinar eleg\u00e2ncia e rusticidade. Sua parte interna \u00e9 especialmente concebida para acomodar de forma perfeita o fone de ouvido e alguns acess\u00f3rios adicionais. Este case foi criado para atender aqueles que buscam algo realmente diferenciado e repleto de personalidade. Ao contr\u00e1rio do case AD, que foi desenvolvido para resistir aos acidentes do dia a dia durante suas viagens da turn\u00ea, o case de couro Audio Dream destaca-se por seu estilo \u00fanico e sofisticado.<\/p>","protected":false},"featured_media":4659,"comment_status":"closed","ping_status":"closed","template":"","meta":{"_acf_changed":false,"_seopress_robots_primary_cat":"none","_seopress_titles_title":"%%post_title%% %%sitetitle%% %%sep%% %%tagline%%","_seopress_titles_desc":"","_seopress_robots_index":"","jetpack_publicize_message":"","jetpack_publicize_feature_enabled":true,"jetpack_social_post_already_shared":false,"jetpack_social_options":{"image_generator_settings":{"template":"highway","default_image_id":0,"font":"","enabled":false},"version":2}},"product_brand":[],"product_cat":[48],"product_tag":[],"class_list":{"0":"post-4658","1":"product","2":"type-product","3":"status-publish","4":"has-post-thumbnail","6":"product_cat-acessorios","8":"first","9":"onbackorder","10":"shipping-taxable","11":"purchasable","12":"product-type-simple"},"acf":[],"jetpack_publicize_connections":[],"jetpack_sharing_enabled":true,"_links":{"self":[{"href":"https:\/\/audiodream.com.br\/en\/wp-json\/wp\/v2\/product\/4658","targetHints":{"allow":["GET"]}}],"collection":[{"href":"https:\/\/audiodream.com.br\/en\/wp-json\/wp\/v2\/product"}],"about":[{"href":"https:\/\/audiodream.com.br\/en\/wp-json\/wp\/v2\/types\/product"}],"replies":[{"embeddable":true,"href":"https:\/\/audiodream.com.br\/en\/wp-json\/wp\/v2\/comments?post=4658"}],"wp:featuredmedia":[{"embeddable":true,"href":"https:\/\/audiodream.com.br\/en\/wp-json\/wp\/v2\/media\/4659"}],"wp:attachment":[{"href":"https:\/\/audiodream.com.br\/en\/wp-json\/wp\/v2\/media?parent=4658"}],"wp:term":[{"taxonomy":"product_brand","embeddable":true,"href":"https:\/\/audiodream.com.br\/en\/wp-json\/wp\/v2\/product_brand?post=4658"},{"taxonomy":"product_cat","embeddable":true,"href":"https:\/\/audiodream.com.br\/en\/wp-json\/wp\/v2\/product_cat?post=4658"},{"taxonomy":"product_tag","embeddable":true,"href":"https:\/\/audiodream.com.br\/en\/wp-json\/wp\/v2\/product_tag?post=4658"}],"curies":[{"name":"wp","href":"https:\/\/api.w.org\/{rel}","templated":true}]}}