{"id":8,"date":"2019-09-05T08:43:56","date_gmt":"2019-09-05T08:43:56","guid":{"rendered":"http:\/\/localhost\/_demo\/wordpress\/?p=8"},"modified":"2024-02-15T16:34:42","modified_gmt":"2024-02-15T16:34:42","slug":"contato","status":"publish","type":"page","link":"https:\/\/audiodream.com.br\/en\/contato\/","title":{"rendered":"Contato"},"content":{"rendered":"<h1>Entre em contato com a gente<br \/>\n<\/h1>\n<div>Conte com a gente para resolver uma quest\u00e3o n\u00e3o solucionada em outros canais de atendimento, registrar elogios e dar sugest\u00f5es.<\/div>\n<div>\t<div class=\"form-contato\">\n<form  id='form-contato' class='next4-form uk-grid-small' data-proccess='submit' action='' data-nextform='{\"sendForm\":\"4\"}' data-nextformurl = 'https:\/\/audiodream.com.br\/wp-admin\/admin-ajax.php' method='POST'  uk-grid = ''  >\n<div id=\"form_errorcontato\" class=\"sysgeneral_error\" data-nextgeneral style=\"display:none\" ><\/div>\n    <div class=\"uk-width-1-1@m uk-margin-small\">       \n        <div class=\"uk-form-controls\">\n            <input type='text' id='yoothemecontatomodel-nome' name='YoothemecontatoModel_nome' value='' class = \"uk-input\" placeholder = \"Digite seu nome\" \/>            <span id=\"error_yoothemecontatomodel_nome\" class=\"uk-text-danger\" data-nexterror=\"nome\" style=\"display:none\" ><\/span>        <\/div>\n    <\/div>\t\n    <div class=\"uk-width-1-1@m uk-margin-small\">       \n        <div class=\"uk-form-controls\">\n            <input type='text' id='yoothemecontatomodel-email' name='YoothemecontatoModel_email' value='' class = \"uk-input\" placeholder = \"Digite seu melhor e-mail\" \/>            <span id=\"error_yoothemecontatomodel_email\" class=\"uk-text-danger\" data-nexterror=\"email\" style=\"display:none\" ><\/span>        <\/div>\n    <\/div>\n    <div class=\"uk-width-1-1@m uk-margin-small\">       \n        <div class=\"uk-form-controls\">\n            <input type='text' id='yoothemecontatomodel-telefone' name='YoothemecontatoModel_telefone' value='' class = \"uk-input\" placeholder = \"Digite seu telefone\" \/>            <span id=\"error_yoothemecontatomodel_telefone\" class=\"uk-text-danger\" data-nexterror=\"telefone\" style=\"display:none\" ><\/span>        <\/div>\n    <\/div>\n\n    <div class=\"uk-width-1-1@m uk-margin-small\"> \n        <div class=\"uk-grid uk-grid-small\" uk-grid>    \n            <div class=\"uk-width-1-3@m\">        \n                <div class=\"uk-form-controls\">\n                    <input type='text' id='yoothemecontatomodel-pais' name='YoothemecontatoModel_pais' value='' class = \"uk-input\" placeholder = \"Pais\" \/>                    <span id=\"error_yoothemecontatomodel_pais\" class=\"uk-text-danger\" data-nexterror=\"pais\" style=\"display:none\" ><\/span>                <\/div>\n            <\/div>\n            <div class=\"uk-width-1-3@m\">        \n                <div class=\"uk-form-controls\">\n                    <select id='yoothemecontatomodel-estado' name='YoothemecontatoModel_estado' class = \"uk-select\" ><option value='' selected >Selecione<\/option> <option value='Acre'  >Acre<\/option> <option value='Alagoas'  >Alagoas<\/option> <option value='Amap\u00e1'  >Amap\u00e1<\/option> <option value='Amazonas'  >Amazonas<\/option> <option value='Bahia'  >Bahia<\/option> <option value='Cear\u00e1'  >Cear\u00e1<\/option> <option value='Distrito Federal'  >Distrito Federal<\/option> <option value='Esp\u00edrito Santo'  >Esp\u00edrito Santo<\/option> <option value='Goi\u00e1s'  >Goi\u00e1s<\/option> <option value='Maranh\u00e3o'  >Maranh\u00e3o<\/option> <option value='Mato Grosso'  >Mato Grosso<\/option> <option value='Mato Grosso do Sul'  >Mato Grosso do Sul<\/option> <option value='Minas Gerais'  >Minas Gerais<\/option> <option value='Par\u00e1'  >Par\u00e1<\/option> <option value='Para\u00edba'  >Para\u00edba<\/option> <option value='Paran\u00e1'  >Paran\u00e1<\/option> <option value='Pernambuco'  >Pernambuco<\/option> <option value='Piau\u00ed'  >Piau\u00ed<\/option> <option value='Rio de Janeiro'  >Rio de Janeiro<\/option> <option value='Rio Grande do Sul'  >Rio Grande do Sul<\/option> <option value='Rio Grande do Norte'  >Rio Grande do Norte<\/option> <option value='Rond\u00f4nia'  >Rond\u00f4nia<\/option> <option value='Roraima'  >Roraima<\/option> <option value='Santa Catarina'  >Santa Catarina<\/option> <option value='S\u00e3o Paulo'  >S\u00e3o Paulo<\/option> <option value='Sergipe'  >Sergipe<\/option> <option value='Tocantins'  >Tocantins<\/option><\/select>                    \n\t\t            <span id=\"error_yoothemecontatomodel_estado\" class=\"uk-text-danger\" data-nexterror=\"estado\" style=\"display:none\" ><\/span>                <\/div>\n            <\/div>  \n            <div class=\"uk-width-1-3@m\">        \n                <div class=\"uk-form-controls\">\n                    <input type='text' id='yoothemecontatomodel-cidade' name='YoothemecontatoModel_cidade' value='' class = \"uk-input\" placeholder = \"Cidade\" \/>                    <span id=\"error_yoothemecontatomodel_cidade\" class=\"uk-text-danger\" data-nexterror=\"cidade\" style=\"display:none\" ><\/span>                <\/div>\n            <\/div>  \n        <\/div>\n    <\/div>\n    <div class=\"uk-width-1-1@m uk-margin-small\"> \n        <div class=\"uk-form-controls\">\n            <textarea id='yoothemecontatomodel-mensagem' name='YoothemecontatoModel_mensagem' class = \"uk-textarea\" placeholder = \"Deixa uma mensagem\" \/><\/textarea>            <span id=\"error_yoothemecontatomodel_mensagem\" class=\"uk-text-danger\" data-nexterror=\"mensagem\" style=\"display:none\" ><\/span>        <\/div>\n    <\/div>\n    <div class=\"uk-margin-small uk-width-1-1@m uk-text-right\">\n        <a href='#' data-nextformsend='#form-contato' class = \"uk-button uk-button-primary\" id = \"contato\">Enviar mensagem<\/a>    <\/div>\n<\/form>\n<\/div>\n\n<script data-jetpack-boost=\"ignore\" type=\"text\/javascript\">\n\n    (function($){\n        $(document).ready(function(){          \n            NextForm.loadLib();\n            NextForm.debug = false;\n\n            document.getElementById('form-contato').addEventListener('setLoadForm',function(el){\n                $('.form-contato').prepend('<div class=\"nextform-load\"><div uk-spinner=\"ratio: 2\"><\/div><\/div>');\n            });\n            document.getElementById('form-contato').addEventListener('setEndSuccessForm',function(el){                \n                setTimeout(() => {\n                    $('.form-contato').find('.nextform-load').remove();\n                }, 2000);\n            });\n\n            NextForm.setEndSuccessForm = function(data, contentobject){\n                $('.nextform-load').remove();\n\n                if(typeof data.url != 'undefined'){\n                    window.location.href = data.url;\n                }\n            }\n            setTimeout(() => {\n                $.ajax({\n                    url:'https:\/\/audiodream.com.br\/wp-admin\/admin-ajax.php',\n                    dataType:'json',\n                    method:'POST',\n                    data:{\n                        action:'nextform_ajax_custom',\n                        view: 'yoothemecontato',\n                        subaction: 'soma',\n                    },\n                    beforeSend:function(){\n                    },\n                    success:function(data){\n                        $('#soma').attr('placeholder', data.html);\n                    }\n                });                \n            }, 900); \n            document.getElementById('form-cadastro').addEventListener('afterPostErrors',function(el){\n                $.ajax({\n                    url:'https:\/\/audiodream.com.br\/wp-admin\/admin-ajax.php',\n                    dataType:'json',\n                    method:'POST',\n                    data:{\n                        action:'nextform_ajax_custom',\n                        view: 'yoothemecontato',\n                        subaction: 'soma',\n                    },\n                    beforeSend:function(){\n                        $('#soma').html('...');\n                    },\n                    success:function(data){\n                        $('#soma').attr('placeholder', data.html);\n                    }\n                });\n            });\n            \n        });\n        \n    })(jQuery);\n<\/script>\n\n\n\n\n\n\n<\/div>\n<p><!--more--><br \/>\n<!-- {\"type\":\"layout\",\"children\":[{\"type\":\"section\",\"props\":{\"image_position\":\"center-center\",\"style\":\"default\",\"title_breakpoint\":\"xl\",\"title_position\":\"top-left\",\"title_rotation\":\"left\",\"vertical_align\":\"middle\",\"width\":\"xsmall\"},\"children\":[{\"type\":\"row\",\"children\":[{\"type\":\"column\",\"props\":{\"image_position\":\"center-center\",\"media_overlay_gradient\":\"\",\"position_sticky_breakpoint\":\"m\"},\"children\":[{\"type\":\"headline\",\"props\":{\"content\":\"Entre em contato com a gente \\n\",\"css\":\".el-element{\\n\\tfont-weight:700;\\n    letter-spacing:normal\\n}\",\"margin\":\"remove-vertical\",\"text_align\":\"center\",\"title_color\":\"secondary\",\"title_element\":\"h1\"}},{\"type\":\"text\",\"props\":{\"block_align\":\"center\",\"column_breakpoint\":\"m\",\"content\":\"Conte com a gente para resolver uma quest\\u00e3o n\\u00e3o solucionada em outros canais de atendimento, registrar elogios e dar sugest\\u00f5es.\",\"margin\":\"default\",\"maxwidth\":\"2xlarge\",\"text_align\":\"center\",\"text_style\":\"large\"}},{\"type\":\"text\",\"props\":{\"column_breakpoint\":\"m\",\"content\":\"\\t[next_form id='4']\",\"css\":\".el-element .uk-textarea{\\n\\theight:120px\\n}\\n\\n\",\"margin\":\"large\"}}]}]}],\"name\":\"Formul\\u00e1rio\"},{\"type\":\"section\",\"props\":{\"image_position\":\"center-center\",\"status\":\"disabled\",\"style\":\"muted\",\"title_breakpoint\":\"xl\",\"title_position\":\"top-left\",\"title_rotation\":\"left\",\"vertical_align\":\"middle\",\"width\":\"default\"},\"children\":[{\"type\":\"row\",\"children\":[{\"type\":\"column\",\"props\":{\"image_position\":\"center-center\",\"media_overlay_gradient\":\"\",\"position_sticky_breakpoint\":\"m\",\"width_medium\":\"\"},\"children\":[{\"type\":\"grid\",\"props\":{\"content_column_breakpoint\":\"m\",\"filter_align\":\"left\",\"filter_all\":true,\"filter_grid_breakpoint\":\"m\",\"filter_grid_width\":\"auto\",\"filter_position\":\"top\",\"filter_style\":\"tab\",\"grid_default\":\"1\",\"grid_large\":\"3\",\"grid_medium\":\"\",\"grid_small\":\"2\",\"icon_width\":80,\"image_align\":\"left\",\"image_grid_breakpoint\":\"s\",\"image_grid_column_gap\":\"small\",\"image_grid_row_gap\":\"small\",\"image_grid_width\":\"auto\",\"image_svg_animate\":false,\"image_svg_color\":\"muted\",\"image_svg_inline\":false,\"item_animation\":true,\"link_size\":\"small\",\"link_style\":\"default\",\"link_text\":\"Read more\",\"margin\":\"large\",\"meta_align\":\"below-title\",\"meta_element\":\"div\",\"meta_style\":\"meta\",\"parallax_easing\":\"1\",\"show_content\":true,\"show_image\":true,\"show_link\":true,\"show_meta\":true,\"show_title\":true,\"text_align\":\"left\",\"text_align_breakpoint\":\"s\",\"text_align_fallback\":\"center\",\"title_align\":\"top\",\"title_element\":\"h2\",\"title_grid_breakpoint\":\"m\",\"title_grid_width\":\"1-2\",\"title_hover_style\":\"reset\",\"title_style\":\"h3\"},\"children\":[{\"type\":\"grid_item\",\"props\":{\"content\":\"\n\n<p>Entre em contato atrav\\u00e9s do nosso email de contato. Responderemos assim que poss\\u00edvel!<\\\/p>\\n\n\n<p><b>E-mail para<span>\\u00a0<\\\/span><a href=\\\"mailto:admin@gruponetureza.com.br\\\" target=\\\"_blank\\\" rel=\\\"noopener\\\">admin@gruponetureza.com.br<\\\/a><\\\/b><\\\/p>\",\"image\":\"wp-content\\\/uploads\\\/yootheme\\\/icon-contact.svg\",\"title\":\"Por e-mail:\"}},{\"type\":\"grid_item\",\"props\":{\"content\":\"\n\n<p>A maneira mais r\\u00e1pida depois do chat. Dessa forma voc\\u00ea pode tirar qualquer d\\u00favida!<\\\/p>\\n\n\n<p><b>Clique para conversar<span>\\u00a0<\\\/span><a href=\\\"https:\\\/\\\/wa.me\\\/551198765-43210?text=Ol%C3%A1.%20Estou%20com%20d%C3%BAvida%20sobre%20o%20Arena%20Virtual.\\\" target=\\\"_blank\\\" rel=\\\"noopener\\\">(11)98765-43210<\\\/a><\\\/b><\\\/p>\",\"image\":\"wp-content\\\/uploads\\\/yootheme\\\/icon-contact.svg\",\"title\":\"Por Whatsapp:\"}},{\"type\":\"grid_item\",\"props\":{\"content\":\"\n\n<p>Voc\\u00ea tamb\\u00e9m pode nos acompanhar nas redes sociais do Grupo Natureza, vem com a gente!<\\\/p>\",\"image\":\"wp-content\\\/uploads\\\/yootheme\\\/icon-chat.svg\",\"title\":\"Redes sociais:\"}}]}]}],\"props\":{\"column_gap\":\"collapse\",\"margin\":\"large\",\"margin_remove_top\":true,\"row_gap\":\"collapse\",\"width\":\"large\"}}],\"name\":\"Contact\"}],\"version\":\"4.0.0\"} --><\/p>\n","protected":false},"excerpt":{"rendered":"<p>Entre em contato com a gente Conte com a gente para resolver uma quest\u00e3o n\u00e3o solucionada em outros canais de atendimento, registrar elogios e dar sugest\u00f5es.<\/p>","protected":false},"author":1,"featured_media":0,"parent":0,"menu_order":10,"comment_status":"open","ping_status":"closed","template":"","meta":{"_acf_changed":false,"_seopress_robots_primary_cat":"","_seopress_titles_title":"","_seopress_titles_desc":"","_seopress_robots_index":"","footnotes":""},"class_list":["post-8","page","type-page","status-publish","hentry"],"acf":[],"jetpack_sharing_enabled":true,"_links":{"self":[{"href":"https:\/\/audiodream.com.br\/en\/wp-json\/wp\/v2\/pages\/8","targetHints":{"allow":["GET"]}}],"collection":[{"href":"https:\/\/audiodream.com.br\/en\/wp-json\/wp\/v2\/pages"}],"about":[{"href":"https:\/\/audiodream.com.br\/en\/wp-json\/wp\/v2\/types\/page"}],"author":[{"embeddable":true,"href":"https:\/\/audiodream.com.br\/en\/wp-json\/wp\/v2\/users\/1"}],"replies":[{"embeddable":true,"href":"https:\/\/audiodream.com.br\/en\/wp-json\/wp\/v2\/comments?post=8"}],"version-history":[{"count":0,"href":"https:\/\/audiodream.com.br\/en\/wp-json\/wp\/v2\/pages\/8\/revisions"}],"wp:attachment":[{"href":"https:\/\/audiodream.com.br\/en\/wp-json\/wp\/v2\/media?parent=8"}],"curies":[{"name":"wp","href":"https:\/\/api.w.org\/{rel}","templated":true}]}}