{"id":4800,"date":"2023-11-22T18:47:08","date_gmt":"2023-11-22T18:47:08","guid":{"rendered":"https:\/\/audiodream.com.br\/?page_id=4800"},"modified":"2024-02-15T17:07:50","modified_gmt":"2024-02-15T17:07:50","slug":"nossa-historia","status":"publish","type":"page","link":"https:\/\/audiodream.com.br\/en\/nossa-historia\/","title":{"rendered":"Nossa Hist\u00f3ria"},"content":{"rendered":"<h1><span style=\"font-weight: 400;\">Nossa Hist\u00f3ria<\/span><\/h1>\n<div>\n<p>A Audio Dream teve sua origem em setembro de 2015, quando Matheus Freitas e Ren\u00e9 Ramirez uniram suas ideias com o objetivo de revolucionar o mercado nacional, proporcionando aos clientes o melhor em fones de ouvido dentro das tecnologias dispon\u00edveis.<\/p>\n<p>Fundada em S\u00e3o Paulo, inicialmente focaram em desenvolver modelos s\u00f3lidos, com excelente rela\u00e7\u00e3o custo-benef\u00edcio e durabilidade exemplar, muitos dos quais continuam em opera\u00e7\u00e3o at\u00e9 hoje.<\/p>\n<p>Com o passar do tempo, aprimoraram seus produtos e buscaram constantemente inova\u00e7\u00f5es, criando modelos mais complexos que exploram texturas e timbres inovadores.<\/p>\n<p>Em especial, investiram em tecnologia in-ear para proporcionar uma experi\u00eancia sonora que se equipare \u00e0 de sistemas de som de alta fidelidade.<\/p>\n<\/div>\n<p><!--more--><br \/>\n<!-- {\"type\":\"layout\",\"children\":[{\"type\":\"section\",\"props\":{\"image_position\":\"center-center\",\"style\":\"default\",\"title_breakpoint\":\"xl\",\"title_position\":\"top-left\",\"title_rotation\":\"left\",\"vertical_align\":\"middle\",\"width\":\"default\"},\"children\":[{\"type\":\"row\",\"children\":[{\"type\":\"column\",\"props\":{\"image_position\":\"center-center\",\"position_sticky_breakpoint\":\"m\"},\"children\":[{\"type\":\"headline\",\"props\":{\"content\":\"<span style=\\\"font-weight: 400;\\\">Nossa Hist\\u00f3ria<\\\/span>\",\"title_element\":\"h1\"}},{\"type\":\"text\",\"props\":{\"column_breakpoint\":\"m\",\"content\":\"\n\n<p>A Audio Dream teve sua origem em setembro de 2015, quando Matheus Freitas e Ren\\u00e9 Ramirez uniram suas ideias com o objetivo de revolucionar o mercado nacional, proporcionando aos clientes o melhor em fones de ouvido dentro das tecnologias dispon\\u00edveis.<\\\/p>\\n\n\n<p>Fundada em S\\u00e3o Paulo, inicialmente focaram em desenvolver modelos s\\u00f3lidos, com excelente rela\\u00e7\\u00e3o custo-benef\\u00edcio e durabilidade exemplar, muitos dos quais continuam em opera\\u00e7\\u00e3o at\\u00e9 hoje.<\\\/p>\\n\n\n<p>Com o passar do tempo, aprimoraram seus produtos e buscaram constantemente inova\\u00e7\\u00f5es, criando modelos mais complexos que exploram texturas e timbres inovadores.<\\\/p>\\n\n\n<p>Em especial, investiram em tecnologia in-ear para proporcionar uma experi\\u00eancia sonora que se equipare \\u00e0 de sistemas de som de alta fidelidade.<\\\/p>\",\"margin\":\"default\",\"text_style\":\"lead\"}}]}]}]}],\"version\":\"4.0.13\"} --><\/p>\n","protected":false},"excerpt":{"rendered":"<p>Nossa Hist\u00f3ria A Audio Dream teve sua origem em setembro de 2015, quando Matheus Freitas e Ren\u00e9 Ramirez uniram suas ideias com o objetivo de revolucionar o mercado nacional, proporcionando aos clientes o melhor em fones de ouvido dentro das tecnologias dispon\u00edveis. Fundada em S\u00e3o Paulo, inicialmente focaram em desenvolver modelos s\u00f3lidos, com excelente rela\u00e7\u00e3o [&hellip;]<\/p>\n","protected":false},"author":1,"featured_media":0,"parent":0,"menu_order":0,"comment_status":"closed","ping_status":"closed","template":"","meta":{"_acf_changed":false,"_seopress_robots_primary_cat":"","_seopress_titles_title":"","_seopress_titles_desc":"","_seopress_robots_index":"","footnotes":""},"class_list":["post-4800","page","type-page","status-publish","hentry"],"acf":[],"jetpack_sharing_enabled":true,"_links":{"self":[{"href":"https:\/\/audiodream.com.br\/en\/wp-json\/wp\/v2\/pages\/4800","targetHints":{"allow":["GET"]}}],"collection":[{"href":"https:\/\/audiodream.com.br\/en\/wp-json\/wp\/v2\/pages"}],"about":[{"href":"https:\/\/audiodream.com.br\/en\/wp-json\/wp\/v2\/types\/page"}],"author":[{"embeddable":true,"href":"https:\/\/audiodream.com.br\/en\/wp-json\/wp\/v2\/users\/1"}],"replies":[{"embeddable":true,"href":"https:\/\/audiodream.com.br\/en\/wp-json\/wp\/v2\/comments?post=4800"}],"version-history":[{"count":0,"href":"https:\/\/audiodream.com.br\/en\/wp-json\/wp\/v2\/pages\/4800\/revisions"}],"wp:attachment":[{"href":"https:\/\/audiodream.com.br\/en\/wp-json\/wp\/v2\/media?parent=4800"}],"curies":[{"name":"wp","href":"https:\/\/api.w.org\/{rel}","templated":true}]}}