{"id":3750,"date":"2023-05-30T13:30:02","date_gmt":"2023-05-30T13:30:02","guid":{"rendered":"https:\/\/lonking.next2dev.com.br\/?page_id=3750"},"modified":"2025-02-27T08:42:45","modified_gmt":"2025-02-27T11:42:45","slug":"suporte","status":"publish","type":"page","link":"https:\/\/audiodream.com.br\/en\/suporte\/","title":{"rendered":"Suporte"},"content":{"rendered":"<p><img decoding=\"async\" src=\"\/wp-content\/uploads\/2023\/08\/audio-audio-dream-fone-custom-fone-personalizado-fone-moldado-branco.png\" alt=\"\"><\/p>\n<h1>Suporte ao Cliente<\/h1>\n<div>\n<p>Nosso objetivo \u00e9 garantir que voc\u00ea aproveite ao m\u00e1ximo sua experi\u00eancia com fones de ouvido feitos sob medida, desde a personaliza\u00e7\u00e3o at\u00e9 o desempenho sonoro impec\u00e1vel.<\/p>\n<p>Conte conosco para responder \u00e0s suas d\u00favidas, solucionar problemas e fornecer todas as informa\u00e7\u00f5es necess\u00e1rias para que voc\u00ea desfrute de \u00e1udio de alta qualidade como voc\u00ea nunca experimentou antes. Seja bem-vindo ao mundo dos fones de ouvido personalizados &#8211; estamos aqui para apoi\u00e1-lo durante toda a jornad<\/p>\n<\/div>\n<div>\n<div class=\"form-contato\">\n<form  id='form-contato' class='next4-form uk-grid-small' data-proccess='submit' action='' data-nextform='{\"sendForm\":\"6\"}' data-nextformurl = 'https:\/\/audiodream.com.br\/wp-admin\/admin-ajax.php' method='POST'  uk-grid = ''  >\n<div id=\"form_errorcontato\" class=\"sysgeneral_error\" data-nextgeneral style=\"display:none\" ><\/div>\n    <div class=\"uk-width-1-1@m uk-margin-small\">       \n        <div class=\"uk-form-controls\">\n            <input type='text' id='yoothemecontatomodel-nome' name='YoothemecontatoModel_nome' value='' class = \"uk-input\" placeholder = \"Digite seu nome\" \/>            <span id=\"error_yoothemecontatomodel_nome\" class=\"uk-text-danger\" data-nexterror=\"nome\" style=\"display:none\" ><\/span>        <\/div>\n    <\/div>\t\n    <div class=\"uk-width-1-1@m uk-margin-small\">       \n        <div class=\"uk-form-controls\">\n            <input type='text' id='yoothemecontatomodel-email' name='YoothemecontatoModel_email' value='' class = \"uk-input\" placeholder = \"Digite seu melhor e-mail\" \/>            <span id=\"error_yoothemecontatomodel_email\" class=\"uk-text-danger\" data-nexterror=\"email\" style=\"display:none\" ><\/span>        <\/div>\n    <\/div>\n    <div class=\"uk-width-1-1@m uk-margin-small\">       \n        <div class=\"uk-form-controls\">\n            <input type='text' id='yoothemecontatomodel-telefone' name='YoothemecontatoModel_telefone' value='' class = \"uk-input\" placeholder = \"Digite seu telefone\" \/>            <span id=\"error_yoothemecontatomodel_telefone\" class=\"uk-text-danger\" data-nexterror=\"telefone\" style=\"display:none\" ><\/span>        <\/div>\n    <\/div>\n\n    <div class=\"uk-width-1-1@m uk-margin-small\"> \n        <div class=\"uk-grid uk-grid-small\" uk-grid>    \n            <div class=\"uk-width-1-3@m\">        \n                <div class=\"uk-form-controls\">\n                    <input type='text' id='yoothemecontatomodel-pais' name='YoothemecontatoModel_pais' value='' class = \"uk-input\" placeholder = \"Pais\" \/>                    <span id=\"error_yoothemecontatomodel_pais\" class=\"uk-text-danger\" data-nexterror=\"pais\" style=\"display:none\" ><\/span>                <\/div>\n            <\/div>\n            <div class=\"uk-width-1-3@m\">        \n                <div class=\"uk-form-controls\">\n                    <select id='yoothemecontatomodel-estado' name='YoothemecontatoModel_estado' class = \"uk-select\" ><option value='' selected >Selecione<\/option> <option value='Acre'  >Acre<\/option> <option value='Alagoas'  >Alagoas<\/option> <option value='Amap\u00e1'  >Amap\u00e1<\/option> <option value='Amazonas'  >Amazonas<\/option> <option value='Bahia'  >Bahia<\/option> <option value='Cear\u00e1'  >Cear\u00e1<\/option> <option value='Distrito Federal'  >Distrito Federal<\/option> <option value='Esp\u00edrito Santo'  >Esp\u00edrito Santo<\/option> <option value='Goi\u00e1s'  >Goi\u00e1s<\/option> <option value='Maranh\u00e3o'  >Maranh\u00e3o<\/option> <option value='Mato Grosso'  >Mato Grosso<\/option> <option value='Mato Grosso do Sul'  >Mato Grosso do Sul<\/option> <option value='Minas Gerais'  >Minas Gerais<\/option> <option value='Par\u00e1'  >Par\u00e1<\/option> <option value='Para\u00edba'  >Para\u00edba<\/option> <option value='Paran\u00e1'  >Paran\u00e1<\/option> <option value='Pernambuco'  >Pernambuco<\/option> <option value='Piau\u00ed'  >Piau\u00ed<\/option> <option value='Rio de Janeiro'  >Rio de Janeiro<\/option> <option value='Rio Grande do Sul'  >Rio Grande do Sul<\/option> <option value='Rio Grande do Norte'  >Rio Grande do Norte<\/option> <option value='Rond\u00f4nia'  >Rond\u00f4nia<\/option> <option value='Roraima'  >Roraima<\/option> <option value='Santa Catarina'  >Santa Catarina<\/option> <option value='S\u00e3o Paulo'  >S\u00e3o Paulo<\/option> <option value='Sergipe'  >Sergipe<\/option> <option value='Tocantins'  >Tocantins<\/option><\/select>                    \n\t\t            <span id=\"error_yoothemecontatomodel_estado\" class=\"uk-text-danger\" data-nexterror=\"estado\" style=\"display:none\" ><\/span>                <\/div>\n            <\/div>  \n            <div class=\"uk-width-1-3@m\">        \n                <div class=\"uk-form-controls\">\n                    <input type='text' id='yoothemecontatomodel-cidade' name='YoothemecontatoModel_cidade' value='' class = \"uk-input\" placeholder = \"Cidade\" \/>                    <span id=\"error_yoothemecontatomodel_cidade\" class=\"uk-text-danger\" data-nexterror=\"cidade\" style=\"display:none\" ><\/span>                <\/div>\n            <\/div>  \n        <\/div>\n    <\/div>\n    <div class=\"uk-width-1-1@m uk-margin-small\"> \n        <div class=\"uk-form-controls\">\n            <textarea id='yoothemecontatomodel-mensagem' name='YoothemecontatoModel_mensagem' class = \"uk-textarea\" placeholder = \"Deixa uma mensagem\" \/><\/textarea>            <span id=\"error_yoothemecontatomodel_mensagem\" class=\"uk-text-danger\" data-nexterror=\"mensagem\" style=\"display:none\" ><\/span>        <\/div>\n    <\/div>\n    <div class=\"uk-margin-small uk-width-1-1@m uk-text-right\">\n        <a href='#' data-nextformsend='#form-contato' class = \"uk-button uk-button-primary\" id = \"contato\">Enviar mensagem<\/a>    <\/div>\n<\/form>\n<\/div>\n\n<script data-jetpack-boost=\"ignore\" type=\"text\/javascript\">\n\n    (function($){\n        $(document).ready(function(){          \n            NextForm.loadLib();\n            NextForm.debug = false;\n\n            document.getElementById('form-contato').addEventListener('setLoadForm',function(el){\n                $('.form-contato').prepend('<div class=\"nextform-load\"><div uk-spinner=\"ratio: 2\"><\/div><\/div>');\n            });\n            document.getElementById('form-contato').addEventListener('setEndSuccessForm',function(el){                \n                setTimeout(() => {\n                    $('.form-contato').find('.nextform-load').remove();\n                }, 2000);\n            });\n\n            NextForm.setEndSuccessForm = function(data, contentobject){\n                $('.nextform-load').remove();\n\n                if(typeof data.url != 'undefined'){\n                    window.location.href = data.url;\n                }\n            }\n            setTimeout(() => {\n                $.ajax({\n                    url:'https:\/\/audiodream.com.br\/wp-admin\/admin-ajax.php',\n                    dataType:'json',\n                    method:'POST',\n                    data:{\n                        action:'nextform_ajax_custom',\n                        view: 'yoothemecontato',\n                        subaction: 'soma',\n                    },\n                    beforeSend:function(){\n                    },\n                    success:function(data){\n                        $('#soma').attr('placeholder', data.html);\n                    }\n                });                \n            }, 900); \n            document.getElementById('form-cadastro').addEventListener('afterPostErrors',function(el){\n                $.ajax({\n                    url:'https:\/\/audiodream.com.br\/wp-admin\/admin-ajax.php',\n                    dataType:'json',\n                    method:'POST',\n                    data:{\n                        action:'nextform_ajax_custom',\n                        view: 'yoothemecontato',\n                        subaction: 'soma',\n                    },\n                    beforeSend:function(){\n                        $('#soma').html('...');\n                    },\n                    success:function(data){\n                        $('#soma').attr('placeholder', data.html);\n                    }\n                });\n            });\n            \n        });\n        \n    })(jQuery);\n<\/script>\n\n\n\n\n\n\n<\/div>\n<p><!--more--><br \/>\n<!-- {\"type\":\"layout\",\"children\":[{\"type\":\"section\",\"props\":{\"animation\":\"scale-up\",\"animation_delay\":\"500\",\"css\":\"@media (max-width: 959px) {\\n    .el-section{\\n        position:relative;\\n    \\tpadding-top:120px;\\n    }\\n    .uk-panel{\\n    \\tfont-size:16px\\n    }\\n}\\n\",\"header_transparent\":\"light\",\"header_transparent_noplaceholder\":true,\"height\":\"section\",\"image_position\":\"center-center\",\"padding\":\"large\",\"style\":\"primary\",\"title_breakpoint\":\"xl\",\"title_position\":\"top-left\",\"title_rotation\":\"left\",\"vertical_align\":\"middle\",\"width\":\"small\"},\"children\":[{\"type\":\"row\",\"children\":[{\"type\":\"column\",\"props\":{\"image_position\":\"center-center\",\"position_sticky_breakpoint\":\"m\"},\"children\":[{\"type\":\"image\",\"props\":{\"image\":\"wp-content\\\/uploads\\\/2023\\\/08\\\/audio-audio-dream-fone-custom-fone-personalizado-fone-moldado-branco.png\",\"image_height\":\"110\",\"image_svg_color\":\"emphasis\",\"margin\":\"default\",\"text_align\":\"center\",\"visibility\":\"l\"}},{\"type\":\"headline\",\"props\":{\"content\":\"Suporte ao Cliente\",\"margin_remove_top\":true,\"text_align\":\"center\",\"title_element\":\"h1\",\"title_style\":\"heading-small\"}},{\"type\":\"text\",\"props\":{\"block_align\":\"center\",\"column_breakpoint\":\"m\",\"content\":\"\n\n<p>Nosso objetivo \\u00e9 garantir que voc\\u00ea aproveite ao m\\u00e1ximo sua experi\\u00eancia com fones de ouvido feitos sob medida, desde a personaliza\\u00e7\\u00e3o at\\u00e9 o desempenho sonoro impec\\u00e1vel.<\\\/p>\\n\n\n<p>Conte conosco para responder \\u00e0s suas d\\u00favidas, solucionar problemas e fornecer todas as informa\\u00e7\\u00f5es necess\\u00e1rias para que voc\\u00ea desfrute de \\u00e1udio de alta qualidade como voc\\u00ea nunca experimentou antes. Seja bem-vindo ao mundo dos fones de ouvido personalizados - estamos aqui para apoi\\u00e1-lo durante toda a jornad<\\\/p>\",\"css\":\"@media (max-width: 639px) {\\n    .el-element{\\n    \\tfont-size:16px\\n    }\\n}\",\"margin\":\"default\",\"text_align\":\"center\",\"text_style\":\"lead\"}},{\"type\":\"html\",\"props\":{\"class\":\"uk-text-center\",\"content\":\"[next_form id='6']\",\"css\":\".el-element input[type='text'],\\n.el-element textarea,\\n.el-element select{\\n\\tbackground-color:#fff;\\ncolor:#4181A9;\\n    \\n}\\n.el-element textarea{\\n\\theight:120px\\n}\\n.el-element select option{\\ncolor:#4181A9;\\n}\\n::-ms-input-placeholder { \\\/* Edge 12-18 *\\\/\\n  color: #4181A9;\\n}\\n\\n::placeholder {\\n  color: #4181A9;\\n}\"}}]}]}],\"name\":\"Perguntas Frequentes\"}],\"version\":\"4.0.13\"} --><\/p>\n","protected":false},"excerpt":{"rendered":"<p>Suporte ao Cliente Nosso objetivo \u00e9 garantir que voc\u00ea aproveite ao m\u00e1ximo sua experi\u00eancia com fones de ouvido feitos sob medida, desde a personaliza\u00e7\u00e3o at\u00e9 o desempenho sonoro impec\u00e1vel. Conte conosco para responder \u00e0s suas d\u00favidas, solucionar problemas e fornecer todas as informa\u00e7\u00f5es necess\u00e1rias para que voc\u00ea desfrute de \u00e1udio de alta qualidade como voc\u00ea [&hellip;]<\/p>\n","protected":false},"author":1,"featured_media":0,"parent":0,"menu_order":0,"comment_status":"closed","ping_status":"closed","template":"","meta":{"_acf_changed":false,"_seopress_robots_primary_cat":"","_seopress_titles_title":"","_seopress_titles_desc":"","_seopress_robots_index":"","footnotes":""},"class_list":["post-3750","page","type-page","status-publish","hentry"],"acf":[],"jetpack_sharing_enabled":true,"_links":{"self":[{"href":"https:\/\/audiodream.com.br\/en\/wp-json\/wp\/v2\/pages\/3750","targetHints":{"allow":["GET"]}}],"collection":[{"href":"https:\/\/audiodream.com.br\/en\/wp-json\/wp\/v2\/pages"}],"about":[{"href":"https:\/\/audiodream.com.br\/en\/wp-json\/wp\/v2\/types\/page"}],"author":[{"embeddable":true,"href":"https:\/\/audiodream.com.br\/en\/wp-json\/wp\/v2\/users\/1"}],"replies":[{"embeddable":true,"href":"https:\/\/audiodream.com.br\/en\/wp-json\/wp\/v2\/comments?post=3750"}],"version-history":[{"count":1,"href":"https:\/\/audiodream.com.br\/en\/wp-json\/wp\/v2\/pages\/3750\/revisions"}],"predecessor-version":[{"id":5179,"href":"https:\/\/audiodream.com.br\/en\/wp-json\/wp\/v2\/pages\/3750\/revisions\/5179"}],"wp:attachment":[{"href":"https:\/\/audiodream.com.br\/en\/wp-json\/wp\/v2\/media?parent=3750"}],"curies":[{"name":"wp","href":"https:\/\/api.w.org\/{rel}","templated":true}]}}