{"id":1,"date":"2019-09-05T08:43:56","date_gmt":"2019-09-05T08:43:56","guid":{"rendered":"http:\/\/localhost\/_demo\/wordpress\/?p=1"},"modified":"2025-02-21T10:38:06","modified_gmt":"2025-02-21T13:38:06","slug":"home","status":"publish","type":"page","link":"https:\/\/audiodream.com.br\/en\/","title":{"rendered":"Home"},"content":{"rendered":"<p>\n    <a href=\"\/categoria-produto\/fones\/\">Ver produtos<\/a>\n<\/p>\n<p><a href=\"#destaque\">[chevron-down]<\/a><\/p>\n<div>\n<h3>Fones in-ear hi-fi personalizados feitos com paix\u00e3o e a mesma precis\u00e3o da alta joalheria.<\/h3>\n<\/div>\n<h2>Fones in-ear hi-fi personalizados feitos com paix\u00e3o e a mesma precis\u00e3o da alta joalheria.<\/h2>\n<p>\n    <a href=\"\/categoria-produto\/fones\/\">Ver produtos<\/a>\n<\/p>\n<p><a href=\"#acessorios\">[chevron-down]<\/a><\/p>\n<h2>Acess\u00f3rios<\/h2>\n<p><img decoding=\"async\" src=\"\/wp-content\/uploads\/2023\/08\/audio-dream-acessorios.png\" alt=\"Audio Dream Acessorios\"><\/p>\n<div>\n<p>\nCom um design italiano, o case combina <span>seguran\u00e7a, praticidade e prote\u00e7\u00e3o<\/span> para os seus fones de ouvido, evitando danos no dia a dia durante viagens.\n<\/p>\n<\/div>\n<p>\n    <a href=\"\/categoria-produto\/acessorios\/\">Ver produtos<\/a>\n<\/p>\n<p><a href=\"#suporte\">[chevron-down]<\/a><\/p>\n<h2>Suporte<\/h2>\n<ul>\n<li>\n        <a href=\"\/faq\/\">Faq<\/a>\n    <\/li>\n<li>\n        <a href=\"\/suporte\/\">Suporte<\/a>\n    <\/li>\n<\/ul>\n<h4>\n<p style=\"text-align: center;\"><em>&#8220;Audio Somnium: Ubi Sonus et Luxuria Coniunguntur.&#8221;<\/em><\/p>\n<\/h4>\n<p><!--more--><br \/>\n<!-- {\"type\":\"layout\",\"children\":[{\"type\":\"section\",\"props\":{\"animation\":\"slide-top-small\",\"animation_delay\":\"400\",\"header_transparent\":\"light\",\"header_transparent_noplaceholder\":true,\"height\":\"full\",\"image\":\"wp-content\\\/uploads\\\/2025\\\/02\\\/RFR_5213_edited-1-scaled.jpg\",\"image_effect\":\"parallax\",\"image_parallax_bgx\":\"180\",\"image_parallax_bgy\":\"-140\",\"image_parallax_easing\":\"0.2\",\"image_position\":\"center-center\",\"image_size\":\"cover\",\"style\":\"default\",\"title_breakpoint\":\"xl\",\"title_position\":\"top-left\",\"title_rotation\":\"left\",\"vertical_align\":\"bottom\",\"width\":\"\"},\"children\":[{\"type\":\"row\",\"children\":[{\"type\":\"column\",\"props\":{\"image_position\":\"center-center\",\"position_sticky_breakpoint\":\"m\",\"vertical_align\":\"bottom\"},\"children\":[{\"type\":\"button\",\"props\":{\"button_size\":\"large\",\"css\":\".el-content{ \\n    line-height: 35px;\\n    font-weight: 500;\\n}\\n\\n@media (max-width: 639px) {\\n    .el-element{\\n    \\tposition:relative;\\n        bottom:50px\\n    }\\n}\",\"grid_column_gap\":\"small\",\"grid_row_gap\":\"small\",\"margin\":\"default\",\"margin_remove_bottom\":true,\"text_align\":\"center\"},\"children\":[{\"type\":\"button_item\",\"props\":{\"button_style\":\"default\",\"content\":\"Ver produtos\",\"icon_align\":\"left\",\"link\":\"\\\/categoria-produto\\\/fones\\\/\"}}]},{\"type\":\"icon\",\"props\":{\"css\":\".el-element svg{\\n    position:relative;\\n    top:20px;\\n    color:#333;\\n}\\n\\n@media (max-width: 639px) {\\n    .el-element{\\n    \\tposition:relative;\\n        bottom:70px\\n    }\\n}\",\"icon\":\"chevron-down\",\"icon_width\":\"80\",\"link\":\"#destaque\",\"margin\":\"remove-vertical\",\"text_align\":\"center\"}}]}]}],\"name\":\"Banner\"},{\"type\":\"section\",\"props\":{\"animation\":\"slide-top-medium\",\"animation_delay\":\"500\",\"css\":\"@media (max-width: 959px) {\\n    .el-section .uk-background-blend-overlay{\\n    \\t background-color: rgba(15, 10, 10, 0.77) !important;\\n    }\\n}\",\"height\":\"full\",\"id\":\"destaque\",\"image\":\"wp-content\\\/uploads\\\/2023\\\/08\\\/audio-dream-fone-moldado.jpg\",\"image_loading\":true,\"image_parallax_bgx\":\"-190\",\"image_parallax_bgy\":\"480\",\"image_position\":\"bottom-center\",\"image_size\":\"cover\",\"media_background\":\"rgba(15, 10, 10, 0)\",\"media_blend_mode\":\"overlay\",\"sticky\":\"cover\",\"style\":\"muted\",\"title_breakpoint\":\"xl\",\"title_position\":\"top-left\",\"title_rotation\":\"left\",\"vertical_align\":\"bottom\",\"width\":\"xlarge\"},\"children\":[{\"type\":\"row\",\"children\":[{\"type\":\"column\",\"props\":{\"image_position\":\"center-center\",\"position_sticky_breakpoint\":\"m\",\"text_color\":\"light\"},\"children\":[{\"type\":\"panel\",\"props\":{\"content\":\"\",\"content_column_breakpoint\":\"m\",\"content_style\":\"text-lead\",\"css\":\".el-title {\\n   color:#333;\\n   font-size:35px;\\n   font-weight:700;\\n}\\n.el-title span{\\n\\tcolor:#808080\\n}\",\"icon_width\":80,\"image_align\":\"top\",\"image_grid_breakpoint\":\"m\",\"image_grid_width\":\"1-2\",\"image_svg_color\":\"emphasis\",\"link_style\":\"default\",\"link_text\":\"Read more\",\"margin\":\"default\",\"maxwidth\":\"large\",\"meta_align\":\"below-title\",\"meta_element\":\"div\",\"meta_style\":\"text-meta\",\"position\":\"relative\",\"position_top\":\"120\",\"title\":\"Fones in-ear hi-fi personalizados feitos com paix\\u00e3o e a mesma precis\\u00e3o da alta joalheria.\",\"title_align\":\"top\",\"title_element\":\"h3\",\"title_grid_breakpoint\":\"m\",\"title_grid_width\":\"1-2\",\"title_hover_style\":\"reset\",\"title_style\":\"heading-small\",\"visibility\":\"l\"}},{\"type\":\"headline\",\"props\":{\"content\":\"Fones in-ear hi-fi personalizados feitos com paix\\u00e3o e a mesma precis\\u00e3o da alta joalheria.\",\"css\":\"@media (max-width: 639px) {\\n    .el-element{\\n        font-size:32px\\n    }    \\n}\",\"text_align\":\"center\",\"title_element\":\"h2\",\"title_style\":\"heading-small\",\"visibility\":\"hidden-l\"}}]}],\"props\":{\"column_gap\":\"collapse\"}},{\"type\":\"row\",\"props\":{\"margin_remove_bottom\":false},\"children\":[{\"type\":\"column\",\"props\":{\"image_position\":\"center-center\",\"position_sticky_breakpoint\":\"m\"},\"children\":[{\"type\":\"button\",\"props\":{\"button_size\":\"large\",\"css\":\".el-content{ \\n    line-height: 35px;\\n    font-weight: 500;\\n}\",\"grid_column_gap\":\"small\",\"grid_row_gap\":\"small\",\"margin\":\"default\",\"margin_remove_bottom\":true,\"text_align\":\"center\"},\"children\":[{\"type\":\"button_item\",\"props\":{\"button_style\":\"default\",\"content\":\"Ver produtos\",\"icon_align\":\"left\",\"link\":\"\\\/categoria-produto\\\/fones\\\/\"}}]},{\"type\":\"icon\",\"props\":{\"css\":\".el-element svg{\\n    position:relative;\\n    top:20px;\\n    color:#333;\\n}\",\"icon\":\"chevron-down\",\"icon_width\":\"80\",\"link\":\"#acessorios\",\"margin\":\"remove-vertical\",\"text_align\":\"center\"}}]}]}],\"name\":\"Destaque\"},{\"type\":\"section\",\"props\":{\"animation\":\"slide-top-medium\",\"animation_delay\":\"600\",\"css\":\".el-section{\\n\\tbackground-color:#D9D9D9\\n}\",\"height\":\"full\",\"id\":\"acessorios\",\"image_position\":\"center-center\",\"sticky\":\"cover\",\"style\":\"default\",\"title_breakpoint\":\"xl\",\"title_position\":\"top-left\",\"title_rotation\":\"left\",\"vertical_align\":\"middle\",\"width\":\"default\"},\"children\":[{\"type\":\"row\",\"children\":[{\"type\":\"column\",\"props\":{\"image_position\":\"center-center\",\"position_sticky_breakpoint\":\"m\"},\"children\":[{\"type\":\"headline\",\"props\":{\"content\":\"Acess\\u00f3rios\",\"css\":\".el-element{\\n\\tcolor:#333333;\\n}\",\"text_align\":\"center\",\"title_element\":\"h2\",\"title_style\":\"heading-medium\"}}]}]},{\"type\":\"row\",\"props\":{\"column_gap\":\"large\",\"layout\":\"1-2,1-2\",\"margin\":\"xlarge\",\"margin_remove_bottom\":true},\"children\":[{\"type\":\"column\",\"props\":{\"image_position\":\"center-center\",\"position_sticky_breakpoint\":\"m\",\"width_medium\":\"1-2\"},\"children\":[{\"type\":\"image\",\"props\":{\"image\":\"wp-content\\\/uploads\\\/2023\\\/08\\\/audio-dream-acessorios.png\",\"image_alt\":\"Audio Dream Acessorios\",\"image_svg_color\":\"emphasis\",\"margin\":\"default\"}}]},{\"type\":\"column\",\"props\":{\"image_position\":\"center-center\",\"position_sticky_breakpoint\":\"m\",\"vertical_align\":\"middle\",\"width_medium\":\"1-2\"},\"children\":[{\"type\":\"text\",\"props\":{\"column_breakpoint\":\"m\",\"content\":\"\n\n<p>\\nCom um design italiano, o case combina <span>seguran\\u00e7a, praticidade e prote\\u00e7\\u00e3o<\\\/span> para os seus fones de ouvido, evitando danos no dia a dia durante viagens.\\n<\\\/p>\",\"css\":\".el-element {\\n    color:#808080;\\n    font-size:35px;\\n    font-weight:700\\n}\\n.el-element span{\\n\\tcolor:#333\\n}\\n\\n@media (max-width: 639px) {\\n    .el-element{\\n        font-size:23px\\n    }    \\n}\",\"margin\":\"default\",\"text_style\":\"large\"}}]}]},{\"type\":\"row\",\"children\":[{\"type\":\"column\",\"props\":{\"image_position\":\"center-center\",\"position_sticky_breakpoint\":\"m\"},\"children\":[{\"type\":\"button\",\"props\":{\"button_size\":\"large\",\"css\":\".el-content{ \\n    line-height: 35px;\\n    font-weight: 500;\\n}\",\"grid_column_gap\":\"small\",\"grid_row_gap\":\"small\",\"margin\":\"default\",\"margin_remove_bottom\":true,\"text_align\":\"center\"},\"children\":[{\"type\":\"button_item\",\"props\":{\"button_style\":\"default\",\"content\":\"Ver produtos\",\"icon_align\":\"left\",\"link\":\"\\\/categoria-produto\\\/acessorios\\\/\"}}]},{\"type\":\"icon\",\"props\":{\"css\":\".el-element svg{\\n    position:relative;\\n    top:20px;\\n    color:#333;\\n}\",\"icon\":\"chevron-down\",\"icon_width\":\"80\",\"link\":\"#suporte\",\"margin\":\"remove-vertical\",\"text_align\":\"center\"}}]}]}],\"name\":\"Acess\\u00f3rios\"},{\"type\":\"section\",\"props\":{\"animation\":\"slide-left-medium\",\"animation_delay\":\"700\",\"height\":\"full\",\"id\":\"suporte\",\"image\":\"wp-content\\\/uploads\\\/2023\\\/08\\\/audio-dream-suporte.jpg\",\"image_effect\":\"parallax\",\"image_parallax_bgx\":\"130 62%\",\"image_parallax_easing\":\"0.5\",\"image_position\":\"center-center\",\"image_size\":\"cover\",\"media_overlay\":\"rgba(38, 29, 29, 0.22)\",\"padding\":\"xlarge\",\"style\":\"default\",\"title_breakpoint\":\"xl\",\"title_position\":\"top-left\",\"title_rotation\":\"left\",\"vertical_align\":\"middle\",\"width\":\"\"},\"children\":[{\"type\":\"row\",\"children\":[{\"type\":\"column\",\"props\":{\"image_position\":\"center-center\",\"position_sticky_breakpoint\":\"m\",\"text_color\":\"light\"},\"children\":[{\"type\":\"headline\",\"props\":{\"content\":\"Suporte\",\"text_align\":\"center\",\"title_element\":\"h2\",\"title_style\":\"heading-medium\"}},{\"type\":\"button\",\"props\":{\"css\":\".el-content{\\n\\tbackground-color:#fbbe01;\\n\\t}\\n\\n.el-content:hover{\\n\\tcolor:#24378c\\n}\\n.el-item{\\n\\tmargin:50px 0\\n}\",\"grid_column_gap\":\"large\",\"grid_row_gap\":\"small\",\"margin\":\"default\",\"text_align\":\"center\"},\"children\":[{\"type\":\"button_item\",\"props\":{\"button_style\":\"default\",\"content\":\"Faq\",\"icon\":\"\",\"icon_align\":\"right\",\"link\":\"faq\\\/\",\"link_aria_label\":\"Faq\"}},{\"type\":\"button_item\",\"props\":{\"button_style\":\"default\",\"content\":\"Suporte\",\"icon\":\"\",\"icon_align\":\"right\",\"link\":\"suporte\\\/\",\"link_aria_label\":\"Suporte\"}}]},{\"type\":\"headline\",\"props\":{\"content\":\"\n\n<p style=\\\"text-align: center;\\\"><em>\\\"Audio Somnium: Ubi Sonus et Luxuria Coniunguntur.\\\"<\\\/em><\\\/p>\",\"text_align\":\"center\",\"title_element\":\"h4\",\"title_style\":\"h4\"}}]}]}],\"name\":\"Suporte\"}],\"version\":\"4.0.13\"} --><\/p>\n","protected":false},"excerpt":{"rendered":"<p>Ver produtos [chevron-down] Fones in-ear hi-fi personalizados feitos com paix\u00e3o e a mesma precis\u00e3o da alta joalheria. Fones in-ear hi-fi personalizados feitos com paix\u00e3o e a mesma precis\u00e3o da alta joalheria. Ver produtos [chevron-down] Acess\u00f3rios Com um design italiano, o case combina seguran\u00e7a, praticidade e prote\u00e7\u00e3o para os seus fones de ouvido, evitando danos no [&hellip;]<\/p>\n","protected":false},"author":1,"featured_media":4931,"parent":0,"menu_order":5,"comment_status":"open","ping_status":"open","template":"","meta":{"_acf_changed":false,"_seopress_robots_primary_cat":"","_seopress_titles_title":"","_seopress_titles_desc":"","_seopress_robots_index":"","footnotes":""},"class_list":["post-1","page","type-page","status-publish","has-post-thumbnail","hentry"],"acf":[],"jetpack_sharing_enabled":true,"_links":{"self":[{"href":"https:\/\/audiodream.com.br\/en\/wp-json\/wp\/v2\/pages\/1","targetHints":{"allow":["GET"]}}],"collection":[{"href":"https:\/\/audiodream.com.br\/en\/wp-json\/wp\/v2\/pages"}],"about":[{"href":"https:\/\/audiodream.com.br\/en\/wp-json\/wp\/v2\/types\/page"}],"author":[{"embeddable":true,"href":"https:\/\/audiodream.com.br\/en\/wp-json\/wp\/v2\/users\/1"}],"replies":[{"embeddable":true,"href":"https:\/\/audiodream.com.br\/en\/wp-json\/wp\/v2\/comments?post=1"}],"version-history":[{"count":4,"href":"https:\/\/audiodream.com.br\/en\/wp-json\/wp\/v2\/pages\/1\/revisions"}],"predecessor-version":[{"id":5164,"href":"https:\/\/audiodream.com.br\/en\/wp-json\/wp\/v2\/pages\/1\/revisions\/5164"}],"wp:featuredmedia":[{"embeddable":true,"href":"https:\/\/audiodream.com.br\/en\/wp-json\/wp\/v2\/media\/4931"}],"wp:attachment":[{"href":"https:\/\/audiodream.com.br\/en\/wp-json\/wp\/v2\/media?parent=1"}],"curies":[{"name":"wp","href":"https:\/\/api.w.org\/{rel}","templated":true}]}}